{"id":14604,"date":"2024-11-13T09:53:03","date_gmt":"2024-11-13T17:53:03","guid":{"rendered":"https:\/\/ayurharmonyretreat.se\/test\/about-me\/"},"modified":"2024-11-18T01:30:20","modified_gmt":"2024-11-18T09:30:20","slug":"about-me","status":"publish","type":"page","link":"https:\/\/ayurharmonyretreat.se\/test\/sv\/about-me\/","title":{"rendered":"about-me-se"},"content":{"rendered":"<p>[vc_row bg_color=&#8221;#f2f2f2&#8243; padding=&#8221;80&#8243; margin_bottom=&#8221;0&#8243; bottom_button_color=&#8221;#222222&#8243; bg_image=&#8221;715&#8243; bg_parallax=&#8221;1&#8243;][vc_column width=&#8221;1\/3&#8243; css=&#8221;.vc_custom_1731491662928{margin-top: 0px !important;}&#8221;][vc_single_image image=&#8221;11482&#8243; img_size=&#8221;full&#8221; style=&#8221;vc_box_shadow_3d&#8221; css_animation=&#8221;zoomInDown&#8221;][\/vc_column][vc_column width=&#8221;2\/3&#8243;][vc_column_text]<\/p>\n<p style=\"font-size: 24px; line-height: 1.2;\"><strong>Om mig<\/strong><\/p>\n<p style=\"font-size: 26px; line-height: 0.9;\">Dr. Shyma K. Jacob, BAMS<\/p>\n<p style=\"font-size: 16px; line-height: 0.9;\">Ayurvedisk l\u00e4kare &amp; certifierad yoga-instrukt\u00f6r<\/p>\n<p style=\"color: #808080; text-align: Justify; line-height: 1;\">V\u00e4lkommen till v\u00e5r klinik, d\u00e4r traditionell Ayurveda m\u00f6ter personlig v\u00e5rd. Jag \u00e4r Dr. Shyma K. Jacob, en ayurvedisk l\u00e4kare med \u00f6ver 12 \u00e5rs erfarenhet, med en BAMS-examen fr\u00e5n KVG Ayurveda Medical College, Karnataka, Indien, och en certifiering i yoga-instruktion fr\u00e5n SVYASA University, Bangalore, Indien.<\/p>\n<p style=\"color: #808080; text-align: Justify; line-height: 1;\">Jag har haft privilegiet att arbeta med v\u00e4lk\u00e4nda institutioner i Indien som The Coimbatore Arya Vaidya Pharmacy, Birla Ayurveda Hospital, Shanthigiri Ayurveda Hospital, Nangelil Ayurveda och Marma Clinic. Dessutom fick jag avancerad utbildning vid den ansedda Kottakal Arya Vaidya Sala.<\/p>\n<p style=\"color: #808080; text-align: Justify; line-height: 1;\">Min expertis ligger i att diagnostisera h\u00e4lsotillst\u00e5nd och obalanserade Doshas genom Naadi Pareeksha, samt erbjuda Keralas traditionella ayurvediska behandlingar. Jag specialiserar mig p\u00e5 att hantera och behandla ett brett spektrum av \u00e5kommor, liksom sm\u00e4rthantering genom Marma-terapi.<\/p>\n<p style=\"color: #808080; text-align: Justify; line-height: 1;\">Vid v\u00e5r klinik fokuserar vi p\u00e5 holistisk l\u00e4kning, och skapar personliga behandlingsplaner skr\u00e4ddarsydda f\u00f6r varje patients unika behov. Jag \u00e4r engagerad i att erbjuda omfattande v\u00e5rd, ge r\u00e5d till patienter om f\u00f6rebyggande h\u00e4lso\u00e5tg\u00e4rder och fr\u00e4mja positiva livsstilsf\u00f6r\u00e4ndringar f\u00f6r l\u00e5ngsiktig h\u00e4lsa.<\/p>\n<p>[\/vc_column_text]<section class=\"widget-container ts-social-icons\"><h3 class=\"widget-title heading-title hidden\">Social Icons<\/h3>\t\t\t\r\n\t\t\t<div class=\"social-icons show-tooltip style-circle-border columns-3\">\r\n\t\t\t\t\t\t\t\t<ul class=\"list-icons\">\r\n\t\t\t\t\t\t\t\t\t\t\t<li class=\"facebook\"><a href=\"https:\/\/www.facebook.com\/profile.php?id=61567778638786&#038;mibextid=LQQJ4d\" target=\"_blank\" title=\"\"><i class=\"fa fa-facebook\"><\/i><span class=\"ts-tooltip social-tooltip\">Facebook<\/span><\/a><\/li>\t\t\t\t\r\n\t\t\t\t\t\t\t\t\t\t\t\t\t\t\t\t\t\t\t\t\t\t\t\t\t\t\t\t\t\t\t\t\t\t\t\t\t\t\t\t\t\t\t\t\t\t\t\t\t\t\t<li class=\"instagram\"><a href=\"https:\/\/www.instagram.com\/ayurharmonyretreat_halmstad?igsh=M2RjbGd5MnBxY2I=\" target=\"_blank\" title=\"\"><i class=\"fa fa-instagram\"><\/i><span class=\"ts-tooltip social-tooltip\">Instagram<\/span><\/a><\/li>\r\n\t\t\t\t\t\t\t\t\t\t\t\t\t\t\t\t\t\t\t\t\t<li class=\"custom\"><a href=\"https:\/\/api.whatsapp.com\/send?phone=46764532701\" target=\"_blank\" title=\"\"><i class=\"fa fab fa-whatsapp\"><\/i><span class=\"ts-tooltip social-tooltip\">Whatsapp<\/span><\/a><\/li>\r\n\t\t\t\t\t\t\t\t\t<\/ul>\r\n\t\t\t<\/div>\r\n\r\n\t\t\t<\/section>[\/vc_column][\/vc_row]<\/p>\n","protected":false},"excerpt":{"rendered":"<p>[vc_row bg_color=&#8221;#f2f2f2&#8243; padding=&#8221;80&#8243; margin_bottom=&#8221;0&#8243; bottom_button_color=&#8221;#222222&#8243; bg_image=&#8221;715&#8243; bg_parallax=&#8221;1&#8243;][vc_column width=&#8221;1\/3&#8243; css=&#8221;.vc_custom_1731491662928{margin-top: 0px !important;}&#8221;][vc_single_image image=&#8221;11482&#8243; img_size=&#8221;full&#8221; style=&#8221;vc_box_shadow_3d&#8221; css_animation=&#8221;zoomInDown&#8221;][\/vc_column][vc_column width=&#8221;2\/3&#8243;][vc_column_text] Om mig Dr. Shyma K. Jacob, BAMS Ayurvedisk l\u00e4kare &amp; certifierad yoga-instrukt\u00f6r V\u00e4lkommen till v\u00e5r klinik, d\u00e4r traditionell Ayurveda m\u00f6ter personlig v\u00e5rd. Jag \u00e4r Dr. Shyma K. Jacob, en ayurvedisk l\u00e4kare med \u00f6ver 12 \u00e5rs erfarenhet, med en BAMS-examen [&hellip;]<\/p>\n","protected":false},"author":1,"featured_media":0,"parent":0,"menu_order":0,"comment_status":"closed","ping_status":"closed","template":"","meta":{"footnotes":""},"class_list":["post-14604","page","type-page","status-publish","hentry"],"_links":{"self":[{"href":"https:\/\/ayurharmonyretreat.se\/test\/sv\/wp-json\/wp\/v2\/pages\/14604","targetHints":{"allow":["GET"]}}],"collection":[{"href":"https:\/\/ayurharmonyretreat.se\/test\/sv\/wp-json\/wp\/v2\/pages"}],"about":[{"href":"https:\/\/ayurharmonyretreat.se\/test\/sv\/wp-json\/wp\/v2\/types\/page"}],"author":[{"embeddable":true,"href":"https:\/\/ayurharmonyretreat.se\/test\/sv\/wp-json\/wp\/v2\/users\/1"}],"replies":[{"embeddable":true,"href":"https:\/\/ayurharmonyretreat.se\/test\/sv\/wp-json\/wp\/v2\/comments?post=14604"}],"version-history":[{"count":3,"href":"https:\/\/ayurharmonyretreat.se\/test\/sv\/wp-json\/wp\/v2\/pages\/14604\/revisions"}],"predecessor-version":[{"id":14850,"href":"https:\/\/ayurharmonyretreat.se\/test\/sv\/wp-json\/wp\/v2\/pages\/14604\/revisions\/14850"}],"wp:attachment":[{"href":"https:\/\/ayurharmonyretreat.se\/test\/sv\/wp-json\/wp\/v2\/media?parent=14604"}],"curies":[{"name":"wp","href":"https:\/\/api.w.org\/{rel}","templated":true}]}}