{"id":14616,"date":"2024-11-13T10:31:31","date_gmt":"2024-11-13T18:31:31","guid":{"rendered":"https:\/\/ayurharmonyretreat.se\/test\/ayur-contact\/"},"modified":"2025-03-11T03:04:19","modified_gmt":"2025-03-11T10:04:19","slug":"ayur-contact","status":"publish","type":"page","link":"https:\/\/ayurharmonyretreat.se\/test\/sv\/ayur-contact\/","title":{"rendered":"ayur-contact-se"},"content":{"rendered":"<p>[vc_row bg_parallax=&#8221;off&#8221; bg_video=&#8221;off&#8221; bottom_button=&#8221;off&#8221; bottom_button_color=&#8221;#222222&#8243;][vc_column][vc_column_text]<\/p>\n<h2 style=\"text-align: center;\">KONTAKTA OSS<\/h2>\n<h3 style=\"text-align: center;\">Har du en fr\u00e5ga? Har du en id\u00e9? Vill du ha mer information? <span style=\"color: #ff0000;\">L\u00e5t oss b\u00f6rja prata!<\/span><\/h3>\n<p>[\/vc_column_text][vc_separator][\/vc_column][\/vc_row][vc_row][vc_column width=&#8221;1\/2&#8243;][vc_gmaps link=&#8221;#E-8_JTNDaWZyYW1lJTIwc3JjJTNEJTIyaHR0cHMlM0ElMkYlMkZ3d3cuZ29vZ2xlLmNvbSUyRm1hcHMlMkZlbWJlZCUzRnBiJTNEJTIxMW0xOCUyMTFtMTIlMjExbTMlMjExZDE3MzUuMzkzMTM3ODUzNTQ4OCUyMTJkMTIuODQ4NDk1OTc2MjYyMTQ1JTIxM2Q1Ni42NzI5NDc3NzM0Mzg3JTIxMm0zJTIxMWYwJTIxMmYwJTIxM2YwJTIxM20yJTIxMWkxMDI0JTIxMmk3NjglMjE0ZjEzLjElMjEzbTMlMjExbTIlMjExczB4NDY1MWEzMjU2NzE2ZGYwMSUyNTNBMHhiZTFhYWY4MGQwNjc2OGElMjEyc0xvdHVzYmxvbW1hbnMlMjUyMHlvZ2ElMjUyMCUyNTI2JTI1MjBtYXNzYWdlJTIxNWUxJTIxM20yJTIxMXNlbiUyMTJza3clMjE0djE3NDE2ODczMjM0OTAlMjE1bTIlMjExc2VuJTIxMnNrdyUyMiUyMHdpZHRoJTNEJTIyNjAwJTIyJTIwaGVpZ2h0JTNEJTIyNDUwJTIyJTIwc3R5bGUlM0QlMjJib3JkZXIlM0EwJTNCJTIyJTIwYWxsb3dmdWxsc2NyZWVuJTNEJTIyJTIyJTIwbG9hZGluZyUzRCUyMmxhenklMjIlMjByZWZlcnJlcnBvbGljeSUzRCUyMm5vLXJlZmVycmVyLXdoZW4tZG93bmdyYWRlJTIyJTNFJTNDJTJGaWZyYW1lJTNF&#8221; size=&#8221;600&#8243;][\/vc_column][vc_column width=&#8221;1\/2&#8243;][vc_column_text]<\/p>\n<h4 style=\"text-align: center;\">H\u00d6R AV DIG TILL OSS<\/h4>\n<p>[\/vc_column_text]\n<div class=\"wpcf7 no-js\" id=\"wpcf7-f14845-o1\" lang=\"en-US\" dir=\"ltr\" data-wpcf7-id=\"14845\">\n<div class=\"screen-reader-response\"><p role=\"status\" aria-live=\"polite\" aria-atomic=\"true\"><\/p> <ul><\/ul><\/div>\n<form action=\"\/test\/sv\/wp-json\/wp\/v2\/pages\/14616#wpcf7-f14845-o1\" method=\"post\" class=\"wpcf7-form init\" aria-label=\"Contact form\" novalidate=\"novalidate\" data-status=\"init\">\n<fieldset class=\"hidden-fields-container\"><input type=\"hidden\" name=\"_wpcf7\" value=\"14845\" \/><input type=\"hidden\" name=\"_wpcf7_version\" value=\"6.1.1\" \/><input type=\"hidden\" name=\"_wpcf7_locale\" value=\"en_US\" \/><input type=\"hidden\" name=\"_wpcf7_unit_tag\" value=\"wpcf7-f14845-o1\" \/><input type=\"hidden\" name=\"_wpcf7_container_post\" value=\"0\" \/><input type=\"hidden\" name=\"_wpcf7_posted_data_hash\" value=\"\" \/>\n<\/fieldset>\n<p><label> Ditt namn<br \/>\n<span class=\"wpcf7-form-control-wrap\" data-name=\"your-name\"><input size=\"40\" maxlength=\"400\" class=\"wpcf7-form-control wpcf7-text wpcf7-validates-as-required\" autocomplete=\"name\" aria-required=\"true\" aria-invalid=\"false\" value=\"\" type=\"text\" name=\"your-name\" \/><\/span> <\/label>\n<\/p>\n<p><label> Din e-postadress<br \/>\n<span class=\"wpcf7-form-control-wrap\" data-name=\"your-email\"><input size=\"40\" maxlength=\"400\" class=\"wpcf7-form-control wpcf7-email wpcf7-validates-as-required wpcf7-text wpcf7-validates-as-email\" autocomplete=\"email\" aria-required=\"true\" aria-invalid=\"false\" value=\"\" type=\"email\" name=\"your-email\" \/><\/span> <\/label>\n<\/p>\n<p><label> Subjekt<br \/>\n<span class=\"wpcf7-form-control-wrap\" data-name=\"your-subject\"><input size=\"40\" maxlength=\"400\" class=\"wpcf7-form-control wpcf7-text wpcf7-validates-as-required\" aria-required=\"true\" aria-invalid=\"false\" value=\"\" type=\"text\" name=\"your-subject\" \/><\/span> <\/label>\n<\/p>\n<p><label> Ditt meddelande (valfri)<br \/>\n<span class=\"wpcf7-form-control-wrap\" data-name=\"your-message\"><textarea cols=\"40\" rows=\"10\" maxlength=\"2000\" class=\"wpcf7-form-control wpcf7-textarea\" aria-invalid=\"false\" name=\"your-message\"><\/textarea><\/span> <\/label>\n<\/p>\n<p><input class=\"wpcf7-form-control wpcf7-submit has-spinner\" type=\"submit\" value=\"Inl\u00e4mna\" \/>\n<\/p><div class=\"wpcf7-response-output\" aria-hidden=\"true\"><\/div>\n<\/form>\n<\/div>\n[\/vc_column][\/vc_row][vc_row][vc_column width=&#8221;1\/4&#8243;][\/vc_column][vc_column width=&#8221;1\/2&#8243;]<section class=\"widget-container ts-social-icons\"><div class=\"widget-title-wrapper\"><h3 class=\"widget-title heading-title\">Ayur Harmony Retreat<\/h3><\/div>\t\t\t\r\n\t\t\t<div class=\"social-icons show-tooltip style-square-fullwidth columns-3\">\r\n\t\t\t\t\t\t\t\t<div class=\"social-desc\">\r\n\t\t\t\t\tAyurvedisk konsultation och behandlingar\t\t\t\t<\/div>\r\n\t\t\t\t\t\t\t\t<ul class=\"list-icons\">\r\n\t\t\t\t\t\t\t\t\t\t\t<li class=\"facebook\"><a href=\"https:\/\/www.facebook.com\/profile.php?id=61567778638786&#038;mibextid=LQQJ4d\" target=\"_blank\" title=\"\"><i class=\"fa fa-facebook\"><\/i><span class=\"ts-tooltip social-tooltip\">Facebook<\/span><\/a><\/li>\t\t\t\t\r\n\t\t\t\t\t\t\t\t\t\t\t\t\t\t\t\t\t\t\t\t\t\t\t\t\t\t\t\t\t\t\t\t\t\t\t\t\t\t\t\t\t\t\t\t\t\t\t\t\t\t\t<li class=\"instagram\"><a href=\"https:\/\/www.instagram.com\/ayurharmonyretreat_halmstad?igsh=M2RjbGd5MnBxY2I=\" target=\"_blank\" title=\"\"><i class=\"fa fa-instagram\"><\/i><span class=\"ts-tooltip social-tooltip\">Instagram<\/span><\/a><\/li>\r\n\t\t\t\t\t\t\t\t\t\t\t\t\t\t\t\t\t\t\t\t\t<li class=\"custom\"><a href=\"https:\/\/api.whatsapp.com\/send?phone=46764532701\" target=\"_blank\" title=\"\"><i class=\"fa fab fa-whatsapp\"><\/i><span class=\"ts-tooltip social-tooltip\">Whatsapp<\/span><\/a><\/li>\r\n\t\t\t\t\t\t\t\t\t<\/ul>\r\n\t\t\t<\/div>\r\n\r\n\t\t\t<\/section>[\/vc_column][vc_column width=&#8221;1\/4&#8243;][\/vc_column][\/vc_row]<\/p>\n","protected":false},"excerpt":{"rendered":"<p>[vc_row bg_parallax=&#8221;off&#8221; bg_video=&#8221;off&#8221; bottom_button=&#8221;off&#8221; bottom_button_color=&#8221;#222222&#8243;][vc_column][vc_column_text] KONTAKTA OSS Har du en fr\u00e5ga? Har du en id\u00e9? Vill du ha mer information? L\u00e5t oss b\u00f6rja prata! [\/vc_column_text][vc_separator][\/vc_column][\/vc_row][vc_row][vc_column width=&#8221;1\/2&#8243;][vc_gmaps link=&#8221;#E-8_JTNDaWZyYW1lJTIwc3JjJTNEJTIyaHR0cHMlM0ElMkYlMkZ3d3cuZ29vZ2xlLmNvbSUyRm1hcHMlMkZlbWJlZCUzRnBiJTNEJTIxMW0xOCUyMTFtMTIlMjExbTMlMjExZDE3MzUuMzkzMTM3ODUzNTQ4OCUyMTJkMTIuODQ4NDk1OTc2MjYyMTQ1JTIxM2Q1Ni42NzI5NDc3NzM0Mzg3JTIxMm0zJTIxMWYwJTIxMmYwJTIxM2YwJTIxM20yJTIxMWkxMDI0JTIxMmk3NjglMjE0ZjEzLjElMjEzbTMlMjExbTIlMjExczB4NDY1MWEzMjU2NzE2ZGYwMSUyNTNBMHhiZTFhYWY4MGQwNjc2OGElMjEyc0xvdHVzYmxvbW1hbnMlMjUyMHlvZ2ElMjUyMCUyNTI2JTI1MjBtYXNzYWdlJTIxNWUxJTIxM20yJTIxMXNlbiUyMTJza3clMjE0djE3NDE2ODczMjM0OTAlMjE1bTIlMjExc2VuJTIxMnNrdyUyMiUyMHdpZHRoJTNEJTIyNjAwJTIyJTIwaGVpZ2h0JTNEJTIyNDUwJTIyJTIwc3R5bGUlM0QlMjJib3JkZXIlM0EwJTNCJTIyJTIwYWxsb3dmdWxsc2NyZWVuJTNEJTIyJTIyJTIwbG9hZGluZyUzRCUyMmxhenklMjIlMjByZWZlcnJlcnBvbGljeSUzRCUyMm5vLXJlZmVycmVyLXdoZW4tZG93bmdyYWRlJTIyJTNFJTNDJTJGaWZyYW1lJTNF&#8221; size=&#8221;600&#8243;][\/vc_column][vc_column width=&#8221;1\/2&#8243;][vc_column_text] H\u00d6R AV DIG TILL OSS [\/vc_column_text][\/vc_column][\/vc_row][vc_row][vc_column width=&#8221;1\/4&#8243;][\/vc_column][vc_column width=&#8221;1\/2&#8243;][\/vc_column][vc_column width=&#8221;1\/4&#8243;][\/vc_column][\/vc_row]<\/p>\n","protected":false},"author":1,"featured_media":0,"parent":0,"menu_order":0,"comment_status":"closed","ping_status":"closed","template":"","meta":{"footnotes":""},"class_list":["post-14616","page","type-page","status-publish","hentry"],"_links":{"self":[{"href":"https:\/\/ayurharmonyretreat.se\/test\/sv\/wp-json\/wp\/v2\/pages\/14616","targetHints":{"allow":["GET"]}}],"collection":[{"href":"https:\/\/ayurharmonyretreat.se\/test\/sv\/wp-json\/wp\/v2\/pages"}],"about":[{"href":"https:\/\/ayurharmonyretreat.se\/test\/sv\/wp-json\/wp\/v2\/types\/page"}],"author":[{"embeddable":true,"href":"https:\/\/ayurharmonyretreat.se\/test\/sv\/wp-json\/wp\/v2\/users\/1"}],"replies":[{"embeddable":true,"href":"https:\/\/ayurharmonyretreat.se\/test\/sv\/wp-json\/wp\/v2\/comments?post=14616"}],"version-history":[{"count":5,"href":"https:\/\/ayurharmonyretreat.se\/test\/sv\/wp-json\/wp\/v2\/pages\/14616\/revisions"}],"predecessor-version":[{"id":15021,"href":"https:\/\/ayurharmonyretreat.se\/test\/sv\/wp-json\/wp\/v2\/pages\/14616\/revisions\/15021"}],"wp:attachment":[{"href":"https:\/\/ayurharmonyretreat.se\/test\/sv\/wp-json\/wp\/v2\/media?parent=14616"}],"curies":[{"name":"wp","href":"https:\/\/api.w.org\/{rel}","templated":true}]}}