{"id":14622,"date":"2024-11-13T10:17:14","date_gmt":"2024-11-13T18:17:14","guid":{"rendered":"https:\/\/ayurharmonyretreat.se\/test\/ayur-testimonials\/"},"modified":"2024-11-18T01:11:03","modified_gmt":"2024-11-18T09:11:03","slug":"ayur-testimonials","status":"publish","type":"page","link":"https:\/\/ayurharmonyretreat.se\/test\/sv\/ayur-testimonials\/","title":{"rendered":"ayur-testimonials-se"},"content":{"rendered":"<p>[vc_row][vc_column][vc_column_text]<\/p>\n<p style=\"font-size: 15px; line-height: 0.8; text-align: Center;\">N\u00f6jda Kunder<\/p>\n<p style=\"font-size: 26px; line-height: 0.8; text-align: Center;\"><strong>Vittnesb\u00f6rd<\/strong><\/p>\n<p>[\/vc_column_text]\t\t<div class=\"ts-testimonial-wrapper ts-shortcode style-4 text-default \">\n\t\t\t\n\t\t\t\t\t\n\t\t\t<div class=\"items \">\n\t\t\t\t\t\t\t<div class=\"item\">\n\t\t\t\t\t\t\t\t\t<div class=\"testimonial-content has-image\">\n\t\t\t\t\t\t\n\t\t\t\t\t\t\t\t\t\t\t\t<div class=\"image\">\n\t\t\t\t\t\t\t<img loading=\"lazy\" decoding=\"async\" width=\"100\" height=\"100\" src=\"https:\/\/ayurharmonyretreat.se\/test\/wp-content\/uploads\/2024\/11\/WhatsApp-Image-2024-11-23-at-6.42.21-PM-100x100.jpeg\" class=\"attachment-100x100 size-100x100 wp-post-image\" alt=\"\" srcset=\"https:\/\/ayurharmonyretreat.se\/test\/wp-content\/uploads\/2024\/11\/WhatsApp-Image-2024-11-23-at-6.42.21-PM-100x100.jpeg 100w, https:\/\/ayurharmonyretreat.se\/test\/wp-content\/uploads\/2024\/11\/WhatsApp-Image-2024-11-23-at-6.42.21-PM-180x180.jpeg 180w, https:\/\/ayurharmonyretreat.se\/test\/wp-content\/uploads\/2024\/11\/WhatsApp-Image-2024-11-23-at-6.42.21-PM-400x400.jpeg 400w, https:\/\/ayurharmonyretreat.se\/test\/wp-content\/uploads\/2024\/11\/WhatsApp-Image-2024-11-23-at-6.42.21-PM-30x30.jpeg 30w, https:\/\/ayurharmonyretreat.se\/test\/wp-content\/uploads\/2024\/11\/WhatsApp-Image-2024-11-23-at-6.42.21-PM-300x300.jpeg 300w, https:\/\/ayurharmonyretreat.se\/test\/wp-content\/uploads\/2024\/11\/WhatsApp-Image-2024-11-23-at-6.42.21-PM-50x50.jpeg 50w\" sizes=\"auto, (max-width: 100px) 100vw, 100px\" \/>\t\t\t\t\t\t<\/div>\n\t\t\t\t\t\t\t\t\t\t\t\t\n\t\t\t\t\t\t<div class=\"content\">\n\t\t\t\t\t\t\tDoctor Shyma is super professional &amp; expert in Ayurveda for so many years. I had the chance to receive two full Panchakarmas in India during 5 weeks each time. I felt supported, guided and well taking care off in every step of the way. The consultations gave me huge insights on how to make my constitution work for me, instead of against me. I have still on a regular base some of her advice in my head in daily activities. Very warm in personality, very accessible, very human &amp; in the meantime expert in the higher knowledge of Ayurveda. And most of all, super funny. It was every time a true joy to see her. She brightened up my day when I was going to some more challenging emotional &amp; physical moments during the treatments. Thank you for your guidance Doctor Shyma!\t\t\t\t\t\t<\/div>\n\t\t\t\t\t\t\n\t\t\t\t\t\t<div class=\"meta-content has-rating\">\n\t\t\t\t\t\t\t\t\t\t\t\t\t\t\n\t\t\t\t\t\t\t<div class=\"info-content\">\n\t\t\t\t\t\t\t\t<h4 class=\"name\">\n\t\t\t\t\t\t\t\t\t<a href=\"#\" target=\"_blank\">\n\t\t\t\t\t\t\t\t\t\tLeen De Witte\t\t\t\t\t\t\t\t\t<\/a>\n\t\t\t\t\t\t\t\t<\/h4>\n\t\t\t\t\t\t\t\t\n\t\t\t\t\t\t\t\t\t\t\t\t\t\t\t\t<div class=\"byline\">\n\t\t\t\t\t\t\t\t\tBelgium\t\t\t\t\t\t\t\t<\/div>\n\t\t\t\t\t\t\t\t\t\t\t\t\t\t\t<\/div>\n\t\t\t\t\t\t\t\n\t\t\t\t\t\t\t\t\t\t\t\t\t\t<div class=\"rating\" title=\"Rated 5 out of 5\">\n\t\t\t\t\t\t\t\t<span style=\"width: 100%\">Rated 5 out of 5<\/span>\n\t\t\t\t\t\t\t<\/div>\n\t\t\t\t\t\t\t\t\t\t\t\t\t<\/div>\n\t\t\t\t\t\t\n\t\t\t\t\t<\/div>\n\t\t\t\t\t\t\t\t<\/div>\n\t\t\t\t\t\t\t\t<div class=\"item\">\n\t\t\t\t\t\t\t\t\t<div class=\"testimonial-content has-image\">\n\t\t\t\t\t\t\n\t\t\t\t\t\t\t\t\t\t\t\t<div class=\"image\">\n\t\t\t\t\t\t\t<img loading=\"lazy\" decoding=\"async\" width=\"100\" height=\"100\" src=\"https:\/\/ayurharmonyretreat.se\/test\/wp-content\/uploads\/2017\/08\/WhatsApp-Image-2024-11-17-at-11.21.00-PM-100x100.jpeg\" class=\"attachment-100x100 size-100x100 wp-post-image\" alt=\"\" srcset=\"https:\/\/ayurharmonyretreat.se\/test\/wp-content\/uploads\/2017\/08\/WhatsApp-Image-2024-11-17-at-11.21.00-PM-100x100.jpeg 100w, https:\/\/ayurharmonyretreat.se\/test\/wp-content\/uploads\/2017\/08\/WhatsApp-Image-2024-11-17-at-11.21.00-PM-1024x1024.jpeg 1024w, https:\/\/ayurharmonyretreat.se\/test\/wp-content\/uploads\/2017\/08\/WhatsApp-Image-2024-11-17-at-11.21.00-PM-180x180.jpeg 180w, https:\/\/ayurharmonyretreat.se\/test\/wp-content\/uploads\/2017\/08\/WhatsApp-Image-2024-11-17-at-11.21.00-PM-768x768.jpeg 768w, https:\/\/ayurharmonyretreat.se\/test\/wp-content\/uploads\/2017\/08\/WhatsApp-Image-2024-11-17-at-11.21.00-PM-400x400.jpeg 400w, https:\/\/ayurharmonyretreat.se\/test\/wp-content\/uploads\/2017\/08\/WhatsApp-Image-2024-11-17-at-11.21.00-PM-30x30.jpeg 30w, https:\/\/ayurharmonyretreat.se\/test\/wp-content\/uploads\/2017\/08\/WhatsApp-Image-2024-11-17-at-11.21.00-PM-300x300.jpeg 300w, https:\/\/ayurharmonyretreat.se\/test\/wp-content\/uploads\/2017\/08\/WhatsApp-Image-2024-11-17-at-11.21.00-PM-600x600.jpeg 600w, https:\/\/ayurharmonyretreat.se\/test\/wp-content\/uploads\/2017\/08\/WhatsApp-Image-2024-11-17-at-11.21.00-PM-50x50.jpeg 50w, https:\/\/ayurharmonyretreat.se\/test\/wp-content\/uploads\/2017\/08\/WhatsApp-Image-2024-11-17-at-11.21.00-PM.jpeg 1280w\" sizes=\"auto, (max-width: 100px) 100vw, 100px\" \/>\t\t\t\t\t\t<\/div>\n\t\t\t\t\t\t\t\t\t\t\t\t\n\t\t\t\t\t\t<div class=\"content\">\n\t\t\t\t\t\t\tJag \u00e4r verkligen tacksam f\u00f6r den hj\u00e4lp jag f\u00e5tt av Shyma. Genom hennes noggranna unders\u00f6kning och f\u00f6rst\u00e5else f\u00f6r mina symtom har inflammationen i min kropp minskat avsev\u00e4rt. Shyma \u00e4r inte bara kunnig utan ocks\u00e5 mycket lyh\u00f6rd och empatisk, vilket gjort att jag k\u00e4nt mig trygg och tagen p\u00e5 allvar under hela behandlingsprocessen. Jag kan varmt rekommendera henne!\t\t\t\t\t\t<\/div>\n\t\t\t\t\t\t\n\t\t\t\t\t\t<div class=\"meta-content has-rating\">\n\t\t\t\t\t\t\t\t\t\t\t\t\t\t\n\t\t\t\t\t\t\t<div class=\"info-content\">\n\t\t\t\t\t\t\t\t<h4 class=\"name\">\n\t\t\t\t\t\t\t\t\t<a href=\"#\" target=\"_blank\">\n\t\t\t\t\t\t\t\t\t\tAlexandra Aho\t\t\t\t\t\t\t\t\t<\/a>\n\t\t\t\t\t\t\t\t<\/h4>\n\t\t\t\t\t\t\t\t\n\t\t\t\t\t\t\t\t\t\t\t\t\t\t\t\t<div class=\"byline\">\n\t\t\t\t\t\t\t\t\tSweden\t\t\t\t\t\t\t\t<\/div>\n\t\t\t\t\t\t\t\t\t\t\t\t\t\t\t<\/div>\n\t\t\t\t\t\t\t\n\t\t\t\t\t\t\t\t\t\t\t\t\t\t<div class=\"rating\" title=\"Rated 5 out of 5\">\n\t\t\t\t\t\t\t\t<span style=\"width: 100%\">Rated 5 out of 5<\/span>\n\t\t\t\t\t\t\t<\/div>\n\t\t\t\t\t\t\t\t\t\t\t\t\t<\/div>\n\t\t\t\t\t\t\n\t\t\t\t\t<\/div>\n\t\t\t\t\t\t\t\t<\/div>\n\t\t\t\t\t\t\t\t<div class=\"item\">\n\t\t\t\t\t\t\t\t\t<div class=\"testimonial-content has-image\">\n\t\t\t\t\t\t\n\t\t\t\t\t\t\t\t\t\t\t\t<div class=\"image\">\n\t\t\t\t\t\t\t<img loading=\"lazy\" decoding=\"async\" width=\"100\" height=\"100\" src=\"https:\/\/ayurharmonyretreat.se\/test\/wp-content\/uploads\/2017\/07\/Ericka-100x100.jpg\" class=\"attachment-100x100 size-100x100 wp-post-image\" alt=\"\" srcset=\"https:\/\/ayurharmonyretreat.se\/test\/wp-content\/uploads\/2017\/07\/Ericka-100x100.jpg 100w, https:\/\/ayurharmonyretreat.se\/test\/wp-content\/uploads\/2017\/07\/Ericka-300x300.jpg 300w, https:\/\/ayurharmonyretreat.se\/test\/wp-content\/uploads\/2017\/07\/Ericka-150x150.jpg 150w, https:\/\/ayurharmonyretreat.se\/test\/wp-content\/uploads\/2017\/07\/Ericka-80x80.jpg 80w\" sizes=\"auto, (max-width: 100px) 100vw, 100px\" \/>\t\t\t\t\t\t<\/div>\n\t\t\t\t\t\t\t\t\t\t\t\t\n\t\t\t\t\t\t<div class=\"content\">\n\t\t\t\t\t\t\tJag jobbar som yogal\u00e4rare och har under m\u00e5nga \u00e5r t\u00e4vlat p\u00e5 v\u00e4rldscupen i kitesurfing och bott p\u00e5 Hawaii. D\u00e4r har jag kommit i kontakt med m\u00e5nga olika typer av metoder f\u00f6r att f\u00f6rb\u00e4ttra kroppens prestationsf\u00f6rm\u00e5ga och fr\u00e4mja harmoni, och d\u00e4r blev Ayurveda en mina favoriter. Jag tr\u00e4ffade sedan Shyma n\u00e4r vi b\u00e5da jobbade tillsammans som yogal\u00e4rare p\u00e5 Varbergs Stadshotell och Asia Spa. Hon \u00e4r som person v\u00e4ldigt varm och n\u00e4rvarande. Jag har f\u00e5tt Ayurvediska h\u00e4lso konsultationer av Shyma som har hj\u00e4lpt mig att m\u00e5 b\u00e4ttre!\t\t\t\t\t\t<\/div>\n\t\t\t\t\t\t\n\t\t\t\t\t\t<div class=\"meta-content has-rating\">\n\t\t\t\t\t\t\t\t\t\t\t\t\t\t\n\t\t\t\t\t\t\t<div class=\"info-content\">\n\t\t\t\t\t\t\t\t<h4 class=\"name\">\n\t\t\t\t\t\t\t\t\t<a href=\"#\" target=\"_blank\">\n\t\t\t\t\t\t\t\t\t\tErika Lindberg Crawford\t\t\t\t\t\t\t\t\t<\/a>\n\t\t\t\t\t\t\t\t<\/h4>\n\t\t\t\t\t\t\t\t\n\t\t\t\t\t\t\t\t\t\t\t\t\t\t\t\t<div class=\"byline\">\n\t\t\t\t\t\t\t\t\tSweden\t\t\t\t\t\t\t\t<\/div>\n\t\t\t\t\t\t\t\t\t\t\t\t\t\t\t<\/div>\n\t\t\t\t\t\t\t\n\t\t\t\t\t\t\t\t\t\t\t\t\t\t<div class=\"rating\" title=\"Rated 5 out of 5\">\n\t\t\t\t\t\t\t\t<span style=\"width: 100%\">Rated 5 out of 5<\/span>\n\t\t\t\t\t\t\t<\/div>\n\t\t\t\t\t\t\t\t\t\t\t\t\t<\/div>\n\t\t\t\t\t\t\n\t\t\t\t\t<\/div>\n\t\t\t\t\t\t\t\t<\/div>\n\t\t\t\t\t\t\t\t<div class=\"item\">\n\t\t\t\t\t\t\t\t\t<div class=\"testimonial-content has-image\">\n\t\t\t\t\t\t\n\t\t\t\t\t\t\t\t\t\t\t\t<div class=\"image\">\n\t\t\t\t\t\t\t<img loading=\"lazy\" decoding=\"async\" width=\"100\" height=\"100\" src=\"https:\/\/ayurharmonyretreat.se\/test\/wp-content\/uploads\/2017\/07\/no-Photo-100x100.jpg\" class=\"attachment-100x100 size-100x100 wp-post-image\" alt=\"\" srcset=\"https:\/\/ayurharmonyretreat.se\/test\/wp-content\/uploads\/2017\/07\/no-Photo-100x100.jpg 100w, https:\/\/ayurharmonyretreat.se\/test\/wp-content\/uploads\/2017\/07\/no-Photo-300x300.jpg 300w, https:\/\/ayurharmonyretreat.se\/test\/wp-content\/uploads\/2017\/07\/no-Photo-150x150.jpg 150w, https:\/\/ayurharmonyretreat.se\/test\/wp-content\/uploads\/2017\/07\/no-Photo-80x80.jpg 80w, https:\/\/ayurharmonyretreat.se\/test\/wp-content\/uploads\/2017\/07\/no-Photo-500x500.jpg 500w\" sizes=\"auto, (max-width: 100px) 100vw, 100px\" \/>\t\t\t\t\t\t<\/div>\n\t\t\t\t\t\t\t\t\t\t\t\t\n\t\t\t\t\t\t<div class=\"content\">\n\t\t\t\t\t\t\tEfter att ha k\u00e4mpat med kronisk ryggsm\u00e4rta i flera \u00e5r best\u00e4mde jag mig f\u00f6r att prova ayurvedisk behandling i Sverige. Den personliga v\u00e5rd jag fick gjorde en v\u00e4rld av skillnad! Kombinationen av naturl\u00e4kemedel och terapeutisk massage lindrade inte bara min sm\u00e4rta utan hj\u00e4lpte mig ocks\u00e5 att k\u00e4nna mig mer avslappnad och f\u00f6ryngrad. Jag rekommenderar starkt deras tj\u00e4nster till alla som s\u00f6ker holistisk healing!\t\t\t\t\t\t<\/div>\n\t\t\t\t\t\t\n\t\t\t\t\t\t<div class=\"meta-content has-rating\">\n\t\t\t\t\t\t\t\t\t\t\t\t\t\t\n\t\t\t\t\t\t\t<div class=\"info-content\">\n\t\t\t\t\t\t\t\t<h4 class=\"name\">\n\t\t\t\t\t\t\t\t\t<a href=\"#\" target=\"_blank\">\n\t\t\t\t\t\t\t\t\t\tSusanna\t\t\t\t\t\t\t\t\t<\/a>\n\t\t\t\t\t\t\t\t<\/h4>\n\t\t\t\t\t\t\t\t\n\t\t\t\t\t\t\t\t\t\t\t\t\t\t\t\t<div class=\"byline\">\n\t\t\t\t\t\t\t\t\tSweden\t\t\t\t\t\t\t\t<\/div>\n\t\t\t\t\t\t\t\t\t\t\t\t\t\t\t<\/div>\n\t\t\t\t\t\t\t\n\t\t\t\t\t\t\t\t\t\t\t\t\t\t<div class=\"rating\" title=\"Rated 5 out of 5\">\n\t\t\t\t\t\t\t\t<span style=\"width: 100%\">Rated 5 out of 5<\/span>\n\t\t\t\t\t\t\t<\/div>\n\t\t\t\t\t\t\t\t\t\t\t\t\t<\/div>\n\t\t\t\t\t\t\n\t\t\t\t\t<\/div>\n\t\t\t\t\t\t\t\t<\/div>\n\t\t\t\t\t\t\t\t<div class=\"item\">\n\t\t\t\t\t\t\t\t\t<div class=\"testimonial-content has-image\">\n\t\t\t\t\t\t\n\t\t\t\t\t\t\t\t\t\t\t\t<div class=\"image\">\n\t\t\t\t\t\t\t<img loading=\"lazy\" decoding=\"async\" width=\"100\" height=\"100\" src=\"https:\/\/ayurharmonyretreat.se\/test\/wp-content\/uploads\/2017\/07\/Marianna-500x500.jpg\" class=\"attachment-100x100 size-100x100 wp-post-image\" alt=\"\" srcset=\"https:\/\/ayurharmonyretreat.se\/test\/wp-content\/uploads\/2017\/07\/Marianna-500x500.jpg 500w, https:\/\/ayurharmonyretreat.se\/test\/wp-content\/uploads\/2017\/07\/Marianna-80x80.jpg 80w\" sizes=\"auto, (max-width: 100px) 100vw, 100px\" \/>\t\t\t\t\t\t<\/div>\n\t\t\t\t\t\t\t\t\t\t\t\t\n\t\t\t\t\t\t<div class=\"content\">\n\t\t\t\t\t\t\tAs my Ayurvedic doctor, Dr. Shyma supported me during panchakarma treatment in India with her excellent knowledge and care. Helping and understanding is in her blood. I highly recommend her services to all of my friends.\t\t\t\t\t\t<\/div>\n\t\t\t\t\t\t\n\t\t\t\t\t\t<div class=\"meta-content has-rating\">\n\t\t\t\t\t\t\t\t\t\t\t\t\t\t\n\t\t\t\t\t\t\t<div class=\"info-content\">\n\t\t\t\t\t\t\t\t<h4 class=\"name\">\n\t\t\t\t\t\t\t\t\t<a href=\"#\" target=\"_blank\">\n\t\t\t\t\t\t\t\t\t\tMarianna Simonides\t\t\t\t\t\t\t\t\t<\/a>\n\t\t\t\t\t\t\t\t<\/h4>\n\t\t\t\t\t\t\t\t\n\t\t\t\t\t\t\t\t\t\t\t\t\t\t\t\t<div class=\"byline\">\n\t\t\t\t\t\t\t\t\tGermany\t\t\t\t\t\t\t\t<\/div>\n\t\t\t\t\t\t\t\t\t\t\t\t\t\t\t<\/div>\n\t\t\t\t\t\t\t\n\t\t\t\t\t\t\t\t\t\t\t\t\t\t<div class=\"rating\" title=\"Rated 5 out of 5\">\n\t\t\t\t\t\t\t\t<span style=\"width: 100%\">Rated 5 out of 5<\/span>\n\t\t\t\t\t\t\t<\/div>\n\t\t\t\t\t\t\t\t\t\t\t\t\t<\/div>\n\t\t\t\t\t\t\n\t\t\t\t\t<\/div>\n\t\t\t\t\t\t\t\t<\/div>\n\t\t\t\t\t\t\t<\/div>\n\t\t<\/div>\n\t\t[\/vc_column][\/vc_row][vc_row css=&#8221;.vc_custom_1730810423709{margin-top: -30px !important;}&#8221;][vc_column css=&#8221;.vc_custom_1730811562620{margin-top: 25px !important;}&#8221;][vc_separator border_width=&#8221;2&#8243; css=&#8221;.vc_custom_1730881003294{margin-top: 40px !important;}&#8221;][\/vc_column][\/vc_row]<\/p>\n","protected":false},"excerpt":{"rendered":"<p>[vc_row][vc_column][vc_column_text] N\u00f6jda Kunder Vittnesb\u00f6rd [\/vc_column_text][\/vc_column][\/vc_row][vc_row css=&#8221;.vc_custom_1730810423709{margin-top: -30px !important;}&#8221;][vc_column css=&#8221;.vc_custom_1730811562620{margin-top: 25px !important;}&#8221;][vc_separator border_width=&#8221;2&#8243; css=&#8221;.vc_custom_1730881003294{margin-top: 40px !important;}&#8221;][\/vc_column][\/vc_row]<\/p>\n","protected":false},"author":1,"featured_media":0,"parent":0,"menu_order":0,"comment_status":"closed","ping_status":"closed","template":"","meta":{"footnotes":""},"class_list":["post-14622","page","type-page","status-publish","hentry"],"_links":{"self":[{"href":"https:\/\/ayurharmonyretreat.se\/test\/sv\/wp-json\/wp\/v2\/pages\/14622","targetHints":{"allow":["GET"]}}],"collection":[{"href":"https:\/\/ayurharmonyretreat.se\/test\/sv\/wp-json\/wp\/v2\/pages"}],"about":[{"href":"https:\/\/ayurharmonyretreat.se\/test\/sv\/wp-json\/wp\/v2\/types\/page"}],"author":[{"embeddable":true,"href":"https:\/\/ayurharmonyretreat.se\/test\/sv\/wp-json\/wp\/v2\/users\/1"}],"replies":[{"embeddable":true,"href":"https:\/\/ayurharmonyretreat.se\/test\/sv\/wp-json\/wp\/v2\/comments?post=14622"}],"version-history":[{"count":3,"href":"https:\/\/ayurharmonyretreat.se\/test\/sv\/wp-json\/wp\/v2\/pages\/14622\/revisions"}],"predecessor-version":[{"id":14842,"href":"https:\/\/ayurharmonyretreat.se\/test\/sv\/wp-json\/wp\/v2\/pages\/14622\/revisions\/14842"}],"wp:attachment":[{"href":"https:\/\/ayurharmonyretreat.se\/test\/sv\/wp-json\/wp\/v2\/media?parent=14622"}],"curies":[{"name":"wp","href":"https:\/\/api.w.org\/{rel}","templated":true}]}}