{"id":14628,"date":"2024-11-13T10:11:30","date_gmt":"2024-11-13T18:11:30","guid":{"rendered":"https:\/\/ayurharmonyretreat.se\/test\/ayur-services\/"},"modified":"2024-11-20T04:01:20","modified_gmt":"2024-11-20T12:01:20","slug":"ayur-services","status":"publish","type":"page","link":"https:\/\/ayurharmonyretreat.se\/test\/sv\/ayur-services\/","title":{"rendered":"ayur-services-se"},"content":{"rendered":"<p>[vc_row full_height=&#8221;yes&#8221; columns_placement=&#8221;top&#8221; gap=&#8221;10&#8243; bg_color=&#8221;#f2f2f2&#8243; padding=&#8221;80&#8243; margin_bottom=&#8221;0&#8243; bottom_button_color=&#8221;#222222&#8243; bg_image=&#8221;715&#8243; bg_parallax=&#8221;1&#8243; css=&#8221;.vc_custom_1731406549459{margin-bottom: 0px !important;background: #f2f2f2 url(id=715?id=) !important;}&#8221;][vc_column css=&#8221;.vc_custom_1731928068768{margin-top: 20px !important;}&#8221;][vc_tta_accordion autoplay=&#8221;10&#8243; c_icon=&#8221;&#8221; active_section=&#8221;1&#8243; style=&#8221;2&#8243; collapsible_all=&#8221;true&#8221; css=&#8221;.vc_custom_1731928077664{padding-right: 0px !important;padding-left: 0px !important;}&#8221;][vc_tta_section i_icon_fontawesome=&#8221;fas fa-heartbeat&#8221; add_icon=&#8221;true&#8221; title=&#8221;Konsultation och diagnos (Prakriti-analys)&#8221; tab_id=&#8221;1731482311461-f758f421-d85c&#8221;]\t\t<div class=\"ts-single-image ts-effect-image eff-widespread-corner-left-right\">\n\t\t\t<a title=\"\" target=\"_blank\" class=\"image-link\" href=\"\">\n\t\t\t\t<img loading=\"lazy\" decoding=\"async\" width=\"750\" height=\"510\" src=\"https:\/\/ayurharmonyretreat.se\/test\/wp-content\/uploads\/2024\/11\/1-750x510.jpg\" class=\"img\" alt=\"\" \/> \n\t\t\t\t<span class=\"overlay\" style=\"background:#000000;border-color:#000000\"><\/span>\n\t\t\t<\/a>\n\t\t<\/div>\n\t\t[vc_column_text css=&#8221;.vc_custom_1731918887700{padding-top: 10px !important;}&#8221;]<\/p>\n<p style=\"font-size: 24px; line-height: 1.2;\"><strong>Konsultation och diagnos (Prakriti-analys)<\/strong><\/p>\n<p style=\"color: #808080; text-align: Justify; line-height: 1;\">Uppt\u00e4ck en v\u00e4g till holistisk v\u00e4lbefinnande genom personlig ayurvedisk konsultation och diagnos. V\u00e5rt tillv\u00e4gag\u00e5ngss\u00e4tt har sina r\u00f6tter i gamla ayurvediska principer som tar h\u00e4nsyn till varje individs unika konstitution, k\u00e4nd som deras Prakriti. Genom att unders\u00f6ka din fysiska, mentala och k\u00e4nslom\u00e4ssiga h\u00e4lsa tillhandah\u00e5ller vi en skr\u00e4ddarsydd h\u00e4lsoplan utformad f\u00f6r att \u00e5terst\u00e4lla balansen och fr\u00e4mja l\u00e5ngsiktig vitalitet.<\/p>\n<p style=\"color: #808080; text-align: Justify; line-height: 1;\">Under konsultationen genomf\u00f6r v\u00e5r ayurvediska expert en grundlig diagnos med traditionella metoder, inklusive Nadi Pariksha (pulsdiagnos), Jihva Pariksha (tungunders\u00f6kning) och Sparsha Pariksha (ber\u00f6ringsbed\u00f6mning). Vi utforskar din livsstil, kost, dagliga vanor och stressfaktorer f\u00f6r att identifiera obalanser i dina doshas-Vata, Pitta och Kapha.<\/p>\n<p style=\"color: #808080; text-align: Justify; line-height: 1;\">Baserat p\u00e5 denna djupg\u00e5ende f\u00f6rst\u00e5else kommer du att f\u00e5 individualiserade rekommendationer, som kan inkludera kostjusteringar, \u00f6rttillskott, livsstilsf\u00f6r\u00e4ndringar och kropp-sinne-\u00f6vningar som yoga och meditation. Oavsett om du tar upp specifika h\u00e4lsoproblem eller s\u00f6ker f\u00f6rebyggande v\u00e5rd, guidar v\u00e5r ayurvediska konsultation dig mot ett balanserat, naturligt tillst\u00e5nd av h\u00e4lsa och v\u00e4lbefinnande.<\/p>\n<p style=\"color: #808080; text-align: Justify; line-height: 1;\">Upplev den transformativa kraften i Ayurveda och b\u00f6rja din resa till holistisk helande.<\/p>\n<p>[\/vc_column_text]<div class=\"ts-button-wrapper\"><div class=\"ts-shortcode-custom-style hidden\">.ts-button-wrapper a.ts-button-1{background:#34bf49;border-color:#a8a8a8;border-width:1px ;color:#ffffff;}.ts-button-wrapper a.ts-button-1:hover{background:#f7c100;border-color:#000000;color:#000000;}<\/div><a href=\"https:\/\/ayurharmonyretreat.se\/test\/sv\/ayur-price\/\" target=\"_self\" class=\"ts-button ts-button-1 round medium  \">Prisguide<\/a><\/div>[\/vc_tta_section][vc_tta_section i_icon_fontawesome=&#8221;fas fa-heart&#8221; add_icon=&#8221;true&#8221; title=&#8221;Ayurvedisk massage (Abhyanga)&#8221; tab_id=&#8221;1731483339258-033837e8-8fac&#8221;]\t\t<div class=\"ts-single-image ts-effect-image eff-widespread-corner-left-right\">\n\t\t\t<a title=\"\" target=\"_blank\" class=\"image-link\" href=\"\">\n\t\t\t\t<img loading=\"lazy\" decoding=\"async\" width=\"750\" height=\"510\" src=\"https:\/\/ayurharmonyretreat.se\/test\/wp-content\/uploads\/2024\/11\/2-1-750x510.jpg\" class=\"img\" alt=\"\" \/> \n\t\t\t\t<span class=\"overlay\" style=\"background:#000000;border-color:#000000\"><\/span>\n\t\t\t<\/a>\n\t\t<\/div>\n\t\t[vc_column_text css=&#8221;.vc_custom_1731918932422{padding-top: 10px !important;}&#8221;]<\/p>\n<p style=\"font-size: 24px; line-height: 1.2;\"><strong>Ayurvedisk massage (Abhyanga)<\/strong><\/p>\n<p style=\"color: #808080; text-align: Justify; line-height: 1;\">Upplev den f\u00f6ryngrande kraften i Abhyanga, en traditionell ayurvedisk massage som harmoniserar kropp, sinne och ande. Abhyanga \u00e4r en varm oljemassage f\u00f6r hela kroppen utformad f\u00f6r att ge n\u00e4ring till v\u00e4vnader, f\u00f6rb\u00e4ttra cirkulationen och fr\u00e4mja djup avslappning. Med hj\u00e4lp av \u00f6rtinfunderade oljor utvalda specifikt f\u00f6r din dosha (kroppstyp), applicerar v\u00e5ra skickliga ut\u00f6vare rytmiska, lugnande slag som stimulerar energifl\u00f6det och f\u00f6rsiktigt avgiftar kroppen.<\/p>\n<p style=\"color: #808080; text-align: Justify; line-height: 1;\">Denna massage tr\u00e4nger djupt in i huden, sl\u00e4pper sp\u00e4nningar, sm\u00f6rjer lederna och ger n\u00e4ring \u00e5t varje cell. Abhyanga hj\u00e4lper till att balansera energierna Vata, Pitta och Kapha, lugnar nervsystemet och jordar kroppen f\u00f6r en k\u00e4nsla av inre frid och vitalitet. Regelbundna Abhyanga-behandlingar \u00e4r k\u00e4nda f\u00f6r att f\u00f6rb\u00e4ttra hudens h\u00e4lsa, f\u00f6rb\u00e4ttra s\u00f6mnkvaliteten och \u00f6ka immuniteten.<\/p>\n<p style=\"color: #808080; text-align: Justify; line-height: 1;\">\u00c5teruppt\u00e4ck balans och vitalitet genom denna gamla ayurvediska ritual som ger n\u00e4ring inifr\u00e5n.<\/p>\n<p>[\/vc_column_text]<div class=\"ts-button-wrapper\"><div class=\"ts-shortcode-custom-style hidden\">.ts-button-wrapper a.ts-button-2{background:#34bf49;border-color:#a8a8a8;border-width:1px ;color:#ffffff;}.ts-button-wrapper a.ts-button-2:hover{background:#f7c100;border-color:#000000;color:#000000;}<\/div><a href=\"https:\/\/ayurharmonyretreat.se\/test\/sv\/ayur-price\/\" target=\"_self\" class=\"ts-button ts-button-2 round medium  \">Prisguide<\/a><\/div>[\/vc_tta_section][vc_tta_section i_icon_fontawesome=&#8221;fas fa-grin-alt&#8221; add_icon=&#8221;true&#8221; title=&#8221;Ansiktsmassage (Mukhabhyanga)&#8221; tab_id=&#8221;1731483448336-db27c80b-3791&#8243;]\t\t<div class=\"ts-single-image ts-effect-image eff-widespread-corner-left-right\">\n\t\t\t<a title=\"\" target=\"_blank\" class=\"image-link\" href=\"\">\n\t\t\t\t<img loading=\"lazy\" decoding=\"async\" width=\"750\" height=\"510\" src=\"https:\/\/ayurharmonyretreat.se\/test\/wp-content\/uploads\/2024\/11\/3-2-750x510.jpg\" class=\"img\" alt=\"\" \/> \n\t\t\t\t<span class=\"overlay\" style=\"background:#000000;border-color:#000000\"><\/span>\n\t\t\t<\/a>\n\t\t<\/div>\n\t\t[vc_column_text css=&#8221;.vc_custom_1731918999332{padding-top: 10px !important;}&#8221;]<\/p>\n<p style=\"font-size: 24px; line-height: 1.2;\"><strong>Ansiktsmassage (Mukhabhyanga)<\/strong><\/p>\n<p style=\"color: #808080; text-align: Justify; line-height: 1;\">Sk\u00e4m bort dig \u00e5t de f\u00f6ryngrande f\u00f6rdelarna med Mukh Abhyanga, en traditionell ayurvedisk ansiktsmassage som vitaliserar och ger n\u00e4ring \u00e5t huden samtidigt som den fr\u00e4mjar total avslappning. Mukh Abhyanga anv\u00e4nder varma, \u00f6rtinfunderade oljor och milda, rytmiska drag skr\u00e4ddarsydda f\u00f6r din dosha (unik sinne-kroppstyp), f\u00f6rb\u00e4ttrar cirkulationen, balanserar energifl\u00f6det och l\u00e4mnar din hud str\u00e5lande och \u00e5terupplivad.<\/p>\n<p style=\"color: #808080; text-align: Justify; line-height: 1;\">Denna specialiserade massage riktar sig till ansiktsmarmapunkter, eller vitala energicentra, f\u00f6r att sl\u00e4ppa sp\u00e4nningar, minska fina linjer och f\u00f6rb\u00e4ttra hudens elasticitet. Det fr\u00e4mjar ocks\u00e5 lymfdr\u00e4nage, hj\u00e4lper till att avgifta huden och minska svullnader. Ut\u00f6ver de fysiska f\u00f6rdelarna lugnar Mukh Abhyanga sinnet och f\u00f6rb\u00e4ttrar mental klarhet, vilket ger dig en djup k\u00e4nsla av lugn och v\u00e4lbefinnande.<\/p>\n<p style=\"color: #808080; text-align: Justify; line-height: 1;\">Uppt\u00e4ck det holistiska f\u00f6rh\u00e5llningss\u00e4ttet till hudv\u00e5rd med Mukh Abhyanga &#8211; d\u00e4r sk\u00f6nhet, avkoppling och inre harmoni m\u00f6ts naturligt.<\/p>\n<p>[\/vc_column_text]<div class=\"ts-button-wrapper\"><div class=\"ts-shortcode-custom-style hidden\">.ts-button-wrapper a.ts-button-3{background:#34bf49;border-color:#a8a8a8;border-width:1px ;color:#ffffff;}.ts-button-wrapper a.ts-button-3:hover{background:#f7c100;border-color:#000000;color:#000000;}<\/div><a href=\"https:\/\/ayurharmonyretreat.se\/test\/sv\/ayur-price\/\" target=\"_self\" class=\"ts-button ts-button-3 round medium  \">Prisguide<\/a><\/div>[\/vc_tta_section][vc_tta_section i_icon_fontawesome=&#8221;fas fa-grin-hearts&#8221; add_icon=&#8221;true&#8221; title=&#8221;Huvudmassage (Shiro Abhyanga)&#8221; tab_id=&#8221;1731484839561-92f6d8f9-48a4&#8243;]\t\t<div class=\"ts-single-image ts-effect-image eff-widespread-corner-left-right\">\n\t\t\t<a title=\"\" target=\"_blank\" class=\"image-link\" href=\"\">\n\t\t\t\t<img loading=\"lazy\" decoding=\"async\" width=\"750\" height=\"510\" src=\"https:\/\/ayurharmonyretreat.se\/test\/wp-content\/uploads\/2024\/11\/4-2-750x510.jpg\" class=\"img\" alt=\"\" \/> \n\t\t\t\t<span class=\"overlay\" style=\"background:#000000;border-color:#000000\"><\/span>\n\t\t\t<\/a>\n\t\t<\/div>\n\t\t[vc_column_text css=&#8221;.vc_custom_1731919056755{padding-top: 10px !important;}&#8221;]<\/p>\n<p style=\"font-size: 24px; line-height: 1.2;\"><strong>Huvudmassage (Shiro Abhyanga)<\/strong><\/p>\n<p style=\"color: #808080; text-align: Justify; line-height: 1;\">Upplev de lugnande effekterna av Shiroabhyanga, en ayurvedisk huvudmassage som fr\u00e4mjar avslappning, klarhet och balans. Shiroabhyanga inneb\u00e4r applicering av varma, \u00f6rtbaserade oljor till h\u00e5rbotten, nacken och axlarna, kombinerat med milda, rytmiska massagetekniker. Denna traditionella terapi ger n\u00e4ring till h\u00e5ret, f\u00f6rb\u00e4ttrar h\u00e5rbottens h\u00e4lsa och lindrar sp\u00e4nningar i huvud, nacke och axlar.<\/p>\n<p style=\"color: #808080; text-align: Justify; line-height: 1;\">Fokuserad p\u00e5 att stimulera marmapunkter (vitala energicentra), hj\u00e4lper Shiroabhyanga till att balansera kroppens energifl\u00f6de, minska stress och lugna nervsystemet. Denna massage \u00e4r k\u00e4nd f\u00f6r sin jordningseffekt och hj\u00e4lper till att f\u00f6rb\u00e4ttra fokus, minska mental tr\u00f6tthet och uppmuntra till god s\u00f6mn. Regelbundna Shiroabhyanga-behandlingar \u00e4r s\u00e4rskilt f\u00f6rdelaktiga f\u00f6r att lindra huvudv\u00e4rk, minska \u00e5ngest och fr\u00e4mja en k\u00e4nsla av inre lugn och avkoppling.<\/p>\n<p style=\"color: #808080; text-align: Justify; line-height: 1;\">Uppt\u00e4ck lugn och f\u00f6ryngring med Shiroabhyanga &#8211; en ur\u00e5ldrig praxis designad f\u00f6r att fr\u00e4scha upp sinnet och v\u00e5rda sj\u00e4len.<\/p>\n<p>[\/vc_column_text]<div class=\"ts-button-wrapper\"><div class=\"ts-shortcode-custom-style hidden\">.ts-button-wrapper a.ts-button-4{background:#34bf49;border-color:#a8a8a8;border-width:1px ;color:#ffffff;}.ts-button-wrapper a.ts-button-4:hover{background:#f7c100;border-color:#000000;color:#000000;}<\/div><a href=\"https:\/\/ayurharmonyretreat.se\/test\/sv\/ayur-price\/\" target=\"_self\" class=\"ts-button ts-button-4 round medium  \">Prisguide<\/a><\/div>[\/vc_tta_section][vc_tta_section i_icon_fontawesome=&#8221;fab fa-empire&#8221; add_icon=&#8221;true&#8221; title=&#8221;\u00d6rtbehandlingar&#8221; tab_id=&#8221;1731484967755-74e72383-507d&#8221;]\t\t<div class=\"ts-single-image ts-effect-image eff-widespread-corner-left-right\">\n\t\t\t<a title=\"\" target=\"_blank\" class=\"image-link\" href=\"\">\n\t\t\t\t<img loading=\"lazy\" decoding=\"async\" width=\"750\" height=\"510\" src=\"https:\/\/ayurharmonyretreat.se\/test\/wp-content\/uploads\/2024\/11\/5-1-750x510.jpg\" class=\"img\" alt=\"\" \/> \n\t\t\t\t<span class=\"overlay\" style=\"background:#000000;border-color:#000000\"><\/span>\n\t\t\t<\/a>\n\t\t<\/div>\n\t\t[vc_column_text css=&#8221;.vc_custom_1731919103060{padding-top: 10px !important;}&#8221;]<\/p>\n<p style=\"font-size: 24px; line-height: 1.2;\"><strong>\u00d6rtbehandlingar<\/strong><\/p>\n<p style=\"color: #808080; text-align: Justify; line-height: 1;\">Uppt\u00e4ck naturens helande kraft med v\u00e5ra ayurvediska \u00f6rtbehandlingar, framtagna f\u00f6r att \u00e5terst\u00e4lla balans, vitalitet och harmoni till din kropp och sj\u00e4l. Genom att anv\u00e4nda anrika ayurvediska \u00f6rter utvalda f\u00f6r att m\u00f6ta dina unika behov, arbetar v\u00e5ra behandlingar f\u00f6r att avgifta, f\u00f6ryngra och st\u00e4rka kroppens naturliga f\u00f6rsvar.<\/p>\n<p style=\"color: #808080; text-align: Justify; line-height: 1;\">Varje \u00f6rtblandning \u00e4r anpassad f\u00f6r att st\u00f6dja din dosha (kroppskonstitution) och h\u00e4lsom\u00e5l, oavsett om det \u00e4r att lindra stress, f\u00f6rb\u00e4ttra matsm\u00e4ltningen, f\u00f6rb\u00e4ttra immuniteten eller ta itu med specifika problem. Fr\u00e5n \u00f6rtoljor och pulver till teer och kosttillskott, varje behandling \u00e4r ren och naturlig och utnyttjar v\u00e4xternas potenta terapeutiska egenskaper f\u00f6r att fr\u00e4mja holistisk v\u00e4lbefinnande.<\/p>\n<p style=\"color: #808080; text-align: Justify; line-height: 1;\">V\u00e5ra ayurvediska \u00f6rtbehandlingar ger ett skonsamt men \u00e4nd\u00e5 kraftfullt f\u00f6rh\u00e5llningss\u00e4tt till v\u00e4lbefinnande, som v\u00e5rdar b\u00e5de kropp och sj\u00e4l med naturens visdom. Omfamna ett balanserat, levande liv genom \u00f6rternas helande essens.<\/p>\n<p>[\/vc_column_text]<div class=\"ts-button-wrapper\"><div class=\"ts-shortcode-custom-style hidden\">.ts-button-wrapper a.ts-button-5{background:#34bf49;border-color:#a8a8a8;border-width:1px ;color:#ffffff;}.ts-button-wrapper a.ts-button-5:hover{background:#f7c100;border-color:#000000;color:#000000;}<\/div><a href=\"https:\/\/ayurharmonyretreat.se\/test\/sv\/ayur-price\/\" target=\"_self\" class=\"ts-button ts-button-5 round medium  \">Prisguide<\/a><\/div>[\/vc_tta_section][vc_tta_section i_icon_fontawesome=&#8221;fas fa-snowboarding&#8221; add_icon=&#8221;true&#8221; title=&#8221;Yoga och meditation&#8221; tab_id=&#8221;1731485051704-a5c8246e-5bfe&#8221;]\t\t<div class=\"ts-single-image ts-effect-image eff-widespread-corner-left-right\">\n\t\t\t<a title=\"\" target=\"_blank\" class=\"image-link\" href=\"\">\n\t\t\t\t<img loading=\"lazy\" decoding=\"async\" width=\"750\" height=\"510\" src=\"https:\/\/ayurharmonyretreat.se\/test\/wp-content\/uploads\/2024\/11\/6-1-750x510.jpg\" class=\"img\" alt=\"\" \/> \n\t\t\t\t<span class=\"overlay\" style=\"background:#000000;border-color:#000000\"><\/span>\n\t\t\t<\/a>\n\t\t<\/div>\n\t\t[vc_column_text css=&#8221;.vc_custom_1731919180035{padding-top: 10px !important;}&#8221;]<\/p>\n<p style=\"font-size: 24px; line-height: 1.2;\"><strong>Yoga och meditation<\/strong><\/p>\n<p style=\"color: #808080; text-align: Justify; line-height: 1;\">Omfamna holistiskt v\u00e4lbefinnande genom v\u00e5ra guidade yoga- och meditations\u00f6vningar, utformade f\u00f6r att harmonisera kropp, sinne och ande. V\u00e5ra sessioner \u00e4r baserade p\u00e5 ayurvediska principer och hj\u00e4lper till att \u00e5terst\u00e4lla inre balans, f\u00f6rb\u00e4ttra flexibiliteten och odla mental klarhet, vilket g\u00f6r dem idealiska f\u00f6r alla som vill f\u00f6rb\u00e4ttra det \u00f6vergripande v\u00e4lbefinnandet.<\/p>\n<p style=\"color: #808080; text-align: Justify; line-height: 1;\">V\u00e5ra yogaklasser fokuserar p\u00e5 st\u00e4llningar (asanas) som passar din dosha (kroppstyp), fr\u00e4mjar fysisk styrka, energifl\u00f6de och ledr\u00f6rlighet. I kombination med meditationstekniker minskar v\u00e5rt tillv\u00e4gag\u00e5ngss\u00e4tt stress, lugnar nervsystemet och fr\u00e4mjar en djup k\u00e4nsla av lugn och medvetenhet. Varje session \u00e4r genomt\u00e4nkt sammanst\u00e4lld f\u00f6r att tillgodose individuella behov, fr\u00e5n stresslindring och k\u00e4nslom\u00e4ssig motst\u00e5ndskraft till f\u00f6rb\u00e4ttrad s\u00f6mn och koncentration.<\/p>\n<p style=\"color: #808080; text-align: Justify; line-height: 1;\">B\u00f6rja din resa mot balans och lugn med yoga och meditation &#8211; en v\u00e4g till holistisk h\u00e4lsa och ett fridfullt sinne.<\/p>\n<p>[\/vc_column_text]<div class=\"ts-button-wrapper\"><div class=\"ts-shortcode-custom-style hidden\">.ts-button-wrapper a.ts-button-6{background:#34bf49;border-color:#a8a8a8;border-width:1px ;color:#ffffff;}.ts-button-wrapper a.ts-button-6:hover{background:#f7c100;border-color:#000000;color:#000000;}<\/div><a href=\"https:\/\/ayurharmonyretreat.se\/test\/sv\/ayur-price\/\" target=\"_self\" class=\"ts-button ts-button-6 round medium  \">Prisguide<\/a><\/div>[\/vc_tta_section][\/vc_tta_accordion][\/vc_column][\/vc_row]<\/p>\n","protected":false},"excerpt":{"rendered":"<p>[vc_row full_height=&#8221;yes&#8221; columns_placement=&#8221;top&#8221; gap=&#8221;10&#8243; bg_color=&#8221;#f2f2f2&#8243; padding=&#8221;80&#8243; margin_bottom=&#8221;0&#8243; bottom_button_color=&#8221;#222222&#8243; bg_image=&#8221;715&#8243; bg_parallax=&#8221;1&#8243; css=&#8221;.vc_custom_1731406549459{margin-bottom: 0px !important;background: #f2f2f2 url(id=715?id=) !important;}&#8221;][vc_column css=&#8221;.vc_custom_1731928068768{margin-top: 20px !important;}&#8221;][vc_tta_accordion autoplay=&#8221;10&#8243; c_icon=&#8221;&#8221; active_section=&#8221;1&#8243; style=&#8221;2&#8243; collapsible_all=&#8221;true&#8221; css=&#8221;.vc_custom_1731928077664{padding-right: 0px !important;padding-left: 0px !important;}&#8221;][vc_tta_section i_icon_fontawesome=&#8221;fas fa-heartbeat&#8221; add_icon=&#8221;true&#8221; title=&#8221;Konsultation och diagnos (Prakriti-analys)&#8221; tab_id=&#8221;1731482311461-f758f421-d85c&#8221;][vc_column_text css=&#8221;.vc_custom_1731918887700{padding-top: 10px !important;}&#8221;] Konsultation och diagnos (Prakriti-analys) Uppt\u00e4ck en v\u00e4g till holistisk v\u00e4lbefinnande genom personlig ayurvedisk konsultation och [&hellip;]<\/p>\n","protected":false},"author":1,"featured_media":0,"parent":0,"menu_order":0,"comment_status":"closed","ping_status":"closed","template":"","meta":{"footnotes":""},"class_list":["post-14628","page","type-page","status-publish","hentry"],"_links":{"self":[{"href":"https:\/\/ayurharmonyretreat.se\/test\/sv\/wp-json\/wp\/v2\/pages\/14628","targetHints":{"allow":["GET"]}}],"collection":[{"href":"https:\/\/ayurharmonyretreat.se\/test\/sv\/wp-json\/wp\/v2\/pages"}],"about":[{"href":"https:\/\/ayurharmonyretreat.se\/test\/sv\/wp-json\/wp\/v2\/types\/page"}],"author":[{"embeddable":true,"href":"https:\/\/ayurharmonyretreat.se\/test\/sv\/wp-json\/wp\/v2\/users\/1"}],"replies":[{"embeddable":true,"href":"https:\/\/ayurharmonyretreat.se\/test\/sv\/wp-json\/wp\/v2\/comments?post=14628"}],"version-history":[{"count":6,"href":"https:\/\/ayurharmonyretreat.se\/test\/sv\/wp-json\/wp\/v2\/pages\/14628\/revisions"}],"predecessor-version":[{"id":14898,"href":"https:\/\/ayurharmonyretreat.se\/test\/sv\/wp-json\/wp\/v2\/pages\/14628\/revisions\/14898"}],"wp:attachment":[{"href":"https:\/\/ayurharmonyretreat.se\/test\/sv\/wp-json\/wp\/v2\/media?parent=14628"}],"curies":[{"name":"wp","href":"https:\/\/api.w.org\/{rel}","templated":true}]}}