{"id":14800,"date":"2024-11-14T06:58:24","date_gmt":"2024-11-14T14:58:24","guid":{"rendered":"https:\/\/ayurharmonyretreat.se\/test\/ayur-price\/"},"modified":"2025-09-21T02:33:24","modified_gmt":"2025-09-21T09:33:24","slug":"ayur-price","status":"publish","type":"page","link":"https:\/\/ayurharmonyretreat.se\/test\/sv\/ayur-price\/","title":{"rendered":"ayur-price-se"},"content":{"rendered":"<p>[vc_row][vc_column][vc_column_text]<\/p>\n<p style=\"font-size: 24px; line-height: 1.2; text-align: center;\"><strong>Prisguide<\/strong><\/p>\n<p>[\/vc_column_text][\/vc_column][\/vc_row][vc_row][vc_column width=&#8221;1\/6&#8243;][\/vc_column][vc_column css_animation=&#8221;bounceInUp&#8221; width=&#8221;2\/3&#8243; css=&#8221;.vc_custom_1741685829533{margin-top: 20px !important;margin-bottom: 30px !important;background-color: #bfbfbf !important;border-radius: 10px !important;}&#8221;][vc_column_text css=&#8221;.vc_custom_1732011972499{margin-top: 20px !important;}&#8221;]<\/p>\n<p style=\"font-size: 24px; line-height: 1.2; text-align: center;\"><strong>Sm\u00e4rtbehandling med ayurvediska tekniker \u2013 inklusive Marma Chikitsa<\/strong><\/p>\n<p style=\"color: #ffffff; text-align: center; font-size: 15px;\">Lider du av sm\u00e4rta, inflammation eller svullnad i kroppen? Huvudv\u00e4rk Uppt\u00e4ck kraften i ayurvedisk healing!<\/p>\n<p style=\"color: #ffffff; text-align: center; font-size: 15px;\">V\u00e5r sm\u00e4rtbehandlingssession kombinerar traditionella ayurvediska tekniker, inklusive Marma Chikitsa, f\u00f6r att lindra obehag, minska inflammation och \u00e5terst\u00e4lla balansen i din kropp.<\/p>\n<p style=\"font-size: 22px; line-height: 1.2; text-align: center;\"><strong>Vad \u00e4r Marma Chikitsa?<\/strong><\/p>\n<p style=\"color: #ffffff; text-align: center; font-size: 15px;\">Marma Chikitsa \u00e4r en gammal ayurvedisk terapi som fokuserar p\u00e5 att stimulera specifika energipunkter (Marmas) i kroppen f\u00f6r att fr\u00e4mja naturlig l\u00e4kning. Genom att f\u00f6rsiktigt aktivera dessa punkter hj\u00e4lper vi till att frig\u00f6ra blockerad energi, f\u00f6rb\u00e4ttra cirkulationen och lindra sm\u00e4rta.<\/p>\n<p style=\"font-size: 22px; text-align: center;\"><strong>F\u00f6rdelar med denna session:<\/strong><\/p>\n<div style=\"color: #ffffff; text-align: center; font-size: 15px;\">\u2022 Snabb lindring av sm\u00e4rta och inflammation.<\/div>\n<div style=\"color: #ffffff; text-align: center; font-size: 15px;\">\u2022 Minskar svullnad och f\u00f6rb\u00e4ttrar r\u00f6rligheten.<\/div>\n<div style=\"color: #ffffff; text-align: center; vfont-size: 15px;\">\u2022 Fr\u00e4mjar avslappning och energifl\u00f6de.<\/div>\n<div style=\"color: #ffffff; text-align: center; line-height: 2.8; font-size: 15px;\">\u2022 Naturlig och holistisk l\u00e4kning utan biverkningar.<\/div>\n<p style=\"font-size: 20px; line-height: 1.2; text-align: center; color: #27af7d;\"><strong>L\u00e4ngd: 15 minuter Pris: 300 SEK<\/strong><\/p>\n<p style=\"font-size: 20px; line-height: 1.2; text-align: center; color: #27af7d;\"><strong>L\u00e4ngd: 25 minuter Pris: 450 SEK <\/strong><\/p>\n<p style=\"color: #ffffff; font-size: 15px; text-align: center;\">Beh\u00f6vde uppf\u00f6ljning beroende p\u00e5 skick<\/p>\n<p style=\"color: #ffffff; font-size: 15px; text-align: center;\">Upplev harmonin av ayurvedisk l\u00e4kning och \u00e5terf\u00e5 din komfort. Boka din session idag!<\/p>\n<p>[\/vc_column_text][vc_row_inner][vc_column_inner width=&#8221;1\/3&#8243;][\/vc_column_inner][vc_column_inner width=&#8221;1\/3&#8243;][vc_btn title=&#8221;Boka nu&#8221; style=&#8221;classic&#8221; shape=&#8221;square&#8221; color=&#8221;sky&#8221; size=&#8221;lg&#8221; align=&#8221;center&#8221; css_animation=&#8221;bounceInUp&#8221; link=&#8221;url:https%3A%2F%2Fayurharmonyretreat.se%2Ftest%2Fsv%2Fayur-booking%2F|||&#8221;][\/vc_column_inner][vc_column_inner width=&#8221;1\/3&#8243;][\/vc_column_inner][\/vc_row_inner][\/vc_column][vc_column width=&#8221;1\/6&#8243;][\/vc_column][\/vc_row][vc_row][vc_column width=&#8221;1\/3&#8243;]\t<div class=\"ts-price-table ts-price-table-1 style-5 \">\n\t\t<div class=\"ts-shortcode-custom-style hidden\">.ts-price-table-1{background:#27af7d;}.ts-price-table-1 .button-price-table:hover{color:#27af7d !important;}<\/div>\t\t\n\t\t\t\t\t\n\t\t\t\t\t\t\n\t\t\t\t\t\t\n\t\t\t\t\t\t\t<h3 class=\"table-title\">Ayurvedisk konsultation med pulsdiagnos (Nadi Pariksha)<\/h3>\n\t\t\t\t\t\t\n\t\t\t\t\t\t<div class=\"table-description\">\n\t\t\t\tOmfattande bed\u00f6mning av fysiskt, mentalt och emotionellt v\u00e4lbefinnande.Nadi Pariksha (pulsdiagnos) f\u00f6r att utv\u00e4rdera dosha-obalanser (Vata, Pitta, Kapha).F\u00f6rdjupad genomg\u00e5ng av livsstil, kost och h\u00e4lsohistoria. Personlig h\u00e4lsoplan med kost-, \u00f6rt- och livsstilsrekommendationer. Holistiskt tillv\u00e4gag\u00e5ngss\u00e4tt f\u00f6r att ta itu med bakomliggande orsaker och fr\u00e4mja l\u00e5ngsiktig h\u00e4lsa\t\t\t<\/div>\n\t\t\t\t\t\t\n\t\t\t<span class=\"table-price\"><span>SEK<\/span>600<\/span>\n\t\t\t\n\t\t\t\t\t\t<span class=\"during-price\">30 Mins<\/span>\n\t\t\t\t\t\t\n\t\t\t\t\t\t<div class=\"table-button\">\n\t\t\t\t<a class=\"button button-price-table button-border\" href=\"https:\/\/ayurharmonyretreat.se\/test\/sv\/ayur-booking\/\">Boka nu<\/a>\n\t\t\t<\/div>\n\t\t\t\t\t\t\t\n\t\t\n\t\t\t\t\n\t<\/div>\n\t[\/vc_column][vc_column width=&#8221;1\/3&#8243;]\t<div class=\"ts-price-table ts-price-table-2 style-5 \">\n\t\t<div class=\"ts-shortcode-custom-style hidden\">.ts-price-table-2{background:#27af7d;}.ts-price-table-2 .button-price-table:hover{color:#27af7d !important;}<\/div>\t\t\n\t\t\t\t\t\n\t\t\t\t\t\t\n\t\t\t\t\t\t\n\t\t\t\t\t\t\t<h3 class=\"table-title\">Konsulttj\u00e4nster f\u00f6r uppf\u00f6ljning<\/h3>\n\t\t\t\t\t\t\n\t\t\t\t\t\t<div class=\"table-description\">\n\t\t\t\tGranskning av framsteg och justeringar av personlig friskv\u00e5rdsplan. Omv\u00e4rdering av doshabalans och h\u00e4lsom\u00e5l. Ytterligare v\u00e4gledning om kost, livsstil och \u00f6rtst\u00f6d. Ta itu med nya h\u00e4lsoproblem eller symtom. Fortsatt st\u00f6d f\u00f6r l\u00e5ngsiktig v\u00e4lbefinnande och balans\t\t\t<\/div>\n\t\t\t\t\t\t\n\t\t\t<span class=\"table-price\"><span>SEK<\/span>300<\/span>\n\t\t\t\n\t\t\t\t\t\t<span class=\"during-price\">30 Mins<\/span>\n\t\t\t\t\t\t\n\t\t\t\t\t\t<div class=\"table-button\">\n\t\t\t\t<a class=\"button button-price-table button-border\" href=\"https:\/\/ayurharmonyretreat.se\/test\/sv\/ayur-booking\/\">Boka nu<\/a>\n\t\t\t<\/div>\n\t\t\t\t\t\t\t\n\t\t\n\t\t\t\t\n\t<\/div>\n\t[\/vc_column][vc_column width=&#8221;1\/3&#8243;]\t<div class=\"ts-price-table ts-price-table-3 style-5 \">\n\t\t<div class=\"ts-shortcode-custom-style hidden\">.ts-price-table-3{background:#27af7d;}.ts-price-table-3 .button-price-table:hover{color:#27af7d !important;}<\/div>\t\t\n\t\t\t\t\t\n\t\t\t\t\t\t\n\t\t\t\t\t\t\n\t\t\t\t\t\t\t<h3 class=\"table-title\">Helkroppsmassage (90 minuter) + konsultation (15 minuter)<\/h3>\n\t\t\t\t\t\t\n\t\t\t\t\t\t<div class=\"table-description\">\n\t\t\t\tAvkopplande 90-minuters helkroppsmassage skr\u00e4ddarsydd efter dina behov. Anv\u00e4nder varma, \u00f6rtinfunderade oljor f\u00f6r djup avslappning och f\u00f6ryngring. Lindrar muskelsp\u00e4nningar, f\u00f6rb\u00e4ttrar cirkulationen och st\u00f6djer avgiftning. 15 minuters konsultation f\u00f6r att bed\u00f6ma individuella h\u00e4lsom\u00e5l. Personliga rekommendationer f\u00f6r fortsatt balans och v\u00e4lbefinnande\t\t\t<\/div>\n\t\t\t\t\t\t\n\t\t\t<span class=\"table-price\"><span>SEK<\/span>1050<\/span>\n\t\t\t\n\t\t\t\t\t\t\n\t\t\t\t\t\t<div class=\"table-button\">\n\t\t\t\t<a class=\"button button-price-table button-border\" href=\"https:\/\/ayurharmonyretreat.se\/test\/sv\/ayur-booking\/\">Boka nu<\/a>\n\t\t\t<\/div>\n\t\t\t\t\t\t\t\n\t\t\n\t\t\t\t\n\t<\/div>\n\t[\/vc_column][\/vc_row][vc_row][vc_column width=&#8221;1\/3&#8243;]\t<div class=\"ts-price-table ts-price-table-4 style-5 \">\n\t\t<div class=\"ts-shortcode-custom-style hidden\">.ts-price-table-4{background:#27af7d;}.ts-price-table-4 .button-price-table:hover{color:#27af7d !important;}<\/div>\t\t\n\t\t\t\t\t\n\t\t\t\t\t\t\n\t\t\t\t\t\t\n\t\t\t\t\t\t\t<h3 class=\"table-title\">Helkroppsmassage (60 minuter)<\/h3>\n\t\t\t\t\t\t\n\t\t\t\t\t\t<div class=\"table-description\">\n\t\t\t\tUppfriskande 45 minuters helkroppsmassage fokuserad p\u00e5 avslappning och stresslindring. Inneh\u00e5ller varma, \u00f6rtbaserade oljor anpassade efter din kroppstyp. F\u00f6rb\u00e4ttrar cirkulationen och fr\u00e4mjar muskelavslappning. Lindrar sp\u00e4nningar och lindrar obehag i viktiga omr\u00e5den. Idealisk f\u00f6r att \u00e5terst\u00e4lla balansen och f\u00f6ryngra b\u00e5de kropp och sj\u00e4l\t\t\t<\/div>\n\t\t\t\t\t\t\n\t\t\t<span class=\"table-price\"><span>SEK<\/span>800<\/span>\n\t\t\t\n\t\t\t\t\t\t\n\t\t\t\t\t\t<div class=\"table-button\">\n\t\t\t\t<a class=\"button button-price-table button-border\" href=\"https:\/\/ayurharmonyretreat.se\/test\/sv\/ayur-booking\/\">Boka nu<\/a>\n\t\t\t<\/div>\n\t\t\t\t\t\t\t\n\t\t\n\t\t\t\t\n\t<\/div>\n\t[\/vc_column][vc_column width=&#8221;1\/3&#8243;]\t<div class=\"ts-price-table ts-price-table-5 style-5 \">\n\t\t<div class=\"ts-shortcode-custom-style hidden\">.ts-price-table-5{background:#27af7d;}.ts-price-table-5 .button-price-table:hover{color:#27af7d !important;}<\/div>\t\t\n\t\t\t\t\t\n\t\t\t\t\t\t\n\t\t\t\t\t\t\n\t\t\t\t\t\t\t<h3 class=\"table-title\">Abhyanga halvkroppsmassage + huvud och nacke (30 minuter)<\/h3>\n\t\t\t\t\t\t\n\t\t\t\t\t\t<div class=\"table-description\">\n\t\t\t\tN\u00e4rande 30-minuters Abhyanga-massage med fokus p\u00e5 rygg, huvud och nacke. Anv\u00e4nder varma, \u00f6rtbaserade oljor f\u00f6r att djupt slappna av och f\u00f6ryngra kroppen. Inriktar sp\u00e4nningar i rygg, axlar och nacke f\u00f6r omedelbar avlastning. Stimulerar h\u00e5rbotten och fr\u00e4mjar mental klarhet med mild huvudmassage. Perfekt f\u00f6r en snabb \u00e5terst\u00e4llning, vilket f\u00f6rb\u00e4ttrar det \u00f6vergripande v\u00e4lbefinnandet och energifl\u00f6det\t\t\t<\/div>\n\t\t\t\t\t\t\n\t\t\t<span class=\"table-price\"><span>SEK<\/span>499<\/span>\n\t\t\t\n\t\t\t\t\t\t\n\t\t\t\t\t\t<div class=\"table-button\">\n\t\t\t\t<a class=\"button button-price-table button-border\" href=\"https:\/\/ayurharmonyretreat.se\/test\/sv\/ayur-booking\/\">Boka nu<\/a>\n\t\t\t<\/div>\n\t\t\t\t\t\t\t\n\t\t\n\t\t\t\t\n\t<\/div>\n\t[\/vc_column][vc_column width=&#8221;1\/3&#8243;]\t<div class=\"ts-price-table ts-price-table-6 style-5 \">\n\t\t<div class=\"ts-shortcode-custom-style hidden\">.ts-price-table-6{background:#27af7d;}.ts-price-table-6 .button-price-table:hover{color:#27af7d !important;}<\/div>\t\t\n\t\t\t\t\t\n\t\t\t\t\t\t\n\t\t\t\t\t\t\n\t\t\t\t\t\t\t<h3 class=\"table-title\">Ansiktsmassage (30 minuter)<\/h3>\n\t\t\t\t\t\t\n\t\t\t\t\t\t<div class=\"table-description\">\n\t\t\t\tF\u00f6ryngrande 30-minuters ansiktsmassage designad f\u00f6r att f\u00f6rb\u00e4ttra hudens h\u00e4lsa. Anv\u00e4nder n\u00e4rande oljor och tekniker anpassade efter din hudtyp. Fr\u00e4mjar avslappning samtidigt som det stimulerar blodcirkulationen och lymfdr\u00e4neringen. Inriktar sig p\u00e5 tryckpunkter f\u00f6r att lindra sp\u00e4nningar och fr\u00e4mja en str\u00e5lande hy. Idealisk f\u00f6r att minska stress, f\u00f6rb\u00e4ttra hudens elasticitet och f\u00f6rb\u00e4ttra den \u00f6vergripande gl\u00f6den\t\t\t<\/div>\n\t\t\t\t\t\t\n\t\t\t<span class=\"table-price\"><span>SEK<\/span>499<\/span>\n\t\t\t\n\t\t\t\t\t\t\n\t\t\t\t\t\t<div class=\"table-button\">\n\t\t\t\t<a class=\"button button-price-table button-border\" href=\"https:\/\/ayurharmonyretreat.se\/test\/sv\/ayur-booking\/\">Boka nu<\/a>\n\t\t\t<\/div>\n\t\t\t\t\t\t\t\n\t\t\n\t\t\t\t\n\t<\/div>\n\t[\/vc_column][\/vc_row][vc_row][vc_column width=&#8221;1\/3&#8243;]\t<div class=\"ts-price-table ts-price-table-7 style-5 \">\n\t\t<div class=\"ts-shortcode-custom-style hidden\">.ts-price-table-7{background:#27af7d;}.ts-price-table-7 .button-price-table:hover{color:#27af7d !important;}<\/div>\t\t\n\t\t\t\t\t\n\t\t\t\t\t\t\n\t\t\t\t\t\t\n\t\t\t\t\t\t\t<h3 class=\"table-title\">Shiroabhyanga (huvudmassage) (30 minuter)<\/h3>\n\t\t\t\t\t\t\n\t\t\t\t\t\t<div class=\"table-description\">\n\t\t\t\tRevitaliserande 30-minuters Shiroabhyanga huvudmassage fokuserad p\u00e5 avslappning och klarhet. Anv\u00e4nder varma, \u00f6rtbaserade oljor f\u00f6r att ge n\u00e4ring till h\u00e5rbotten och fr\u00e4mja h\u00e5rets h\u00e4lsa. Inriktar sig p\u00e5 sp\u00e4nningar i huvud, nacke och axlar f\u00f6r omedelbar lindring. Stimulerar marma-punkter f\u00f6r att f\u00f6rb\u00e4ttra mental klarhet och lugna sinnet. Idealisk f\u00f6r att minska stress och fr\u00e4mja \u00f6vergripande v\u00e4lbefinnande och balans\t\t\t<\/div>\n\t\t\t\t\t\t\n\t\t\t<span class=\"table-price\"><span>SEK<\/span>499<\/span>\n\t\t\t\n\t\t\t\t\t\t\n\t\t\t\t\t\t<div class=\"table-button\">\n\t\t\t\t<a class=\"button button-price-table button-border\" href=\"https:\/\/ayurharmonyretreat.se\/test\/sv\/ayur-booking\/\">Boka nu<\/a>\n\t\t\t<\/div>\n\t\t\t\t\t\t\t\n\t\t\n\t\t\t\t\n\t<\/div>\n\t[\/vc_column][vc_column width=&#8221;1\/3&#8243;]\t<div class=\"ts-price-table ts-price-table-8 style-5 \">\n\t\t<div class=\"ts-shortcode-custom-style hidden\">.ts-price-table-8{background:#27af7d;}.ts-price-table-8 .button-price-table:hover{color:#27af7d !important;}<\/div>\t\t\n\t\t\t\t\t\n\t\t\t\t\t\t\n\t\t\t\t\t\t\n\t\t\t\t\t\t\t<h3 class=\"table-title\">Harmony healing-30-minuters behandlingspaket (3 sessioner)<\/h3>\n\t\t\t\t\t\t\n\t\t\t\t\t\t<div class=\"table-description\">\n\t\t\t\tNjut av ett vitaliserande 3-sessionspaket med 30-minutersbehandlingar skr\u00e4ddarsydda efter dina behov. V\u00e4lj mellan alternativ som Shiroabhyanga (huvudmassage), ansiktsmassage eller riktade kroppsterapier. Varje session \u00e4r utformad f\u00f6r att fr\u00e4mja avslappning, lindra sp\u00e4nningar och f\u00f6rb\u00e4ttra det allm\u00e4nna v\u00e4lbefinnandet. Perfekt f\u00f6r fullsp\u00e4ckade scheman, ger en snabb men effektiv v\u00e4g till f\u00f6ryngring. Speciella paketpriser f\u00f6r en konsekvent h\u00e4lsoresa och best\u00e5ende f\u00f6rdelar\t\t\t<\/div>\n\t\t\t\t\t\t\n\t\t\t<span class=\"table-price\"><span>SEK<\/span>1700<\/span>\n\t\t\t\n\t\t\t\t\t\t\n\t\t\t\t\t\t<div class=\"table-button\">\n\t\t\t\t<a class=\"button button-price-table button-border\" href=\"https:\/\/ayurharmonyretreat.se\/test\/sv\/ayur-booking\/\">Boka nu<\/a>\n\t\t\t<\/div>\n\t\t\t\t\t\t\t\n\t\t\n\t\t\t\t\n\t<\/div>\n\t[\/vc_column][vc_column width=&#8221;1\/3&#8243;]\t<div class=\"ts-price-table ts-price-table-9 style-5 \">\n\t\t<div class=\"ts-shortcode-custom-style hidden\">.ts-price-table-9{background:#27af7d;}.ts-price-table-9 .button-price-table:hover{color:#27af7d !important;}<\/div>\t\t\n\t\t\t\t\t\n\t\t\t\t\t\t\n\t\t\t\t\t\t\n\t\t\t\t\t\t\t<h3 class=\"table-title\">Ayur healing-45-minuters behandlingspaket<\/h3>\n\t\t\t\t\t\t\n\t\t\t\t\t\t<div class=\"table-description\">\n\t\t\t\tF\u00f6rdjupa dig i ett f\u00f6ryngrande 3-sessionspaket med 45 minuters Abhyanga-massage. Varje session anv\u00e4nder varma, \u00f6rtinfunderade oljor skr\u00e4ddarsydda f\u00f6r din unika dosha f\u00f6r optimal avkoppling. Fr\u00e4mjar n\u00e4ring av djup v\u00e4vnad, f\u00f6rb\u00e4ttrar cirkulationen och lindrar stress. Idealisk f\u00f6r att f\u00f6rb\u00e4ttra det allm\u00e4nna v\u00e4lbefinnandet och \u00e5terst\u00e4lla balansen i kropp och sj\u00e4l. S\u00e4rskilda paketpriser f\u00f6r p\u00e5g\u00e5ende egenv\u00e5rd och en transformerande v\u00e4lbefinnandeupplevelse\t\t\t<\/div>\n\t\t\t\t\t\t\n\t\t\t<span class=\"table-price\"><span>SEK<\/span>2200<\/span>\n\t\t\t\n\t\t\t\t\t\t\n\t\t\t\t\t\t<div class=\"table-button\">\n\t\t\t\t<a class=\"button button-price-table button-border\" href=\"https:\/\/ayurharmonyretreat.se\/test\/sv\/ayur-booking\/\">Boka nu<\/a>\n\t\t\t<\/div>\n\t\t\t\t\t\t\t\n\t\t\n\t\t\t\t\n\t<\/div>\n\t[\/vc_column][\/vc_row][vc_row][vc_column width=&#8221;1\/3&#8243;]\t<div class=\"ts-price-table ts-price-table-10 style-5 \">\n\t\t<div class=\"ts-shortcode-custom-style hidden\">.ts-price-table-10{background:#27af7d;}.ts-price-table-10 .button-price-table:hover{color:#27af7d !important;}<\/div>\t\t\n\t\t\t\t\t\n\t\t\t\t\t\t\n\t\t\t\t\t\t\n\t\t\t\t\t\t\t<h3 class=\"table-title\">Holistic Harmony-60-minuters behandlingspaket<\/h3>\n\t\t\t\t\t\t\n\t\t\t\t\t\t<div class=\"table-description\">\n\t\t\t\tF\u00f6rdjupa dig i ett f\u00f6ryngrande 3-sessionspaket med 60 minuters Abhyanga-massage. Varje session anv\u00e4nder varma, \u00f6rtinfunderade oljor skr\u00e4ddarsydda f\u00f6r din unika dosha f\u00f6r optimal avkoppling. Fr\u00e4mjar n\u00e4ring av djup v\u00e4vnad, f\u00f6rb\u00e4ttrar cirkulationen och lindrar stress. Idealisk f\u00f6r att f\u00f6rb\u00e4ttra det allm\u00e4nna v\u00e4lbefinnandet och \u00e5terst\u00e4lla balansen i kropp och sj\u00e4l. S\u00e4rskilda paketpriser f\u00f6r p\u00e5g\u00e5ende egenv\u00e5rd och en transformerande v\u00e4lbefinnandeupplevelse\t\t\t<\/div>\n\t\t\t\t\t\t\n\t\t\t<span class=\"table-price\"><span>SEK<\/span>2850<\/span>\n\t\t\t\n\t\t\t\t\t\t\n\t\t\t\t\t\t<div class=\"table-button\">\n\t\t\t\t<a class=\"button button-price-table button-border\" href=\"https:\/\/ayurharmonyretreat.se\/test\/sv\/ayur-booking\/\">Boka nu<\/a>\n\t\t\t<\/div>\n\t\t\t\t\t\t\t\n\t\t\n\t\t\t\t\n\t<\/div>\n\t[\/vc_column][vc_column width=&#8221;1\/3&#8243;][\/vc_column][vc_column width=&#8221;1\/3&#8243;][\/vc_column][\/vc_row]<\/p>\n","protected":false},"excerpt":{"rendered":"<p>[vc_row][vc_column][vc_column_text] Prisguide [\/vc_column_text][\/vc_column][\/vc_row][vc_row][vc_column width=&#8221;1\/6&#8243;][\/vc_column][vc_column css_animation=&#8221;bounceInUp&#8221; width=&#8221;2\/3&#8243; css=&#8221;.vc_custom_1741685829533{margin-top: 20px !important;margin-bottom: 30px !important;background-color: #bfbfbf !important;border-radius: 10px !important;}&#8221;][vc_column_text css=&#8221;.vc_custom_1732011972499{margin-top: 20px !important;}&#8221;] Sm\u00e4rtbehandling med ayurvediska tekniker \u2013 inklusive Marma Chikitsa Lider du av sm\u00e4rta, inflammation eller svullnad i kroppen? Huvudv\u00e4rk Uppt\u00e4ck kraften i ayurvedisk healing! V\u00e5r sm\u00e4rtbehandlingssession kombinerar traditionella ayurvediska tekniker, inklusive Marma Chikitsa, f\u00f6r att lindra obehag, minska [&hellip;]<\/p>\n","protected":false},"author":1,"featured_media":0,"parent":0,"menu_order":0,"comment_status":"closed","ping_status":"closed","template":"","meta":{"footnotes":""},"class_list":["post-14800","page","type-page","status-publish","hentry"],"_links":{"self":[{"href":"https:\/\/ayurharmonyretreat.se\/test\/sv\/wp-json\/wp\/v2\/pages\/14800","targetHints":{"allow":["GET"]}}],"collection":[{"href":"https:\/\/ayurharmonyretreat.se\/test\/sv\/wp-json\/wp\/v2\/pages"}],"about":[{"href":"https:\/\/ayurharmonyretreat.se\/test\/sv\/wp-json\/wp\/v2\/types\/page"}],"author":[{"embeddable":true,"href":"https:\/\/ayurharmonyretreat.se\/test\/sv\/wp-json\/wp\/v2\/users\/1"}],"replies":[{"embeddable":true,"href":"https:\/\/ayurharmonyretreat.se\/test\/sv\/wp-json\/wp\/v2\/comments?post=14800"}],"version-history":[{"count":18,"href":"https:\/\/ayurharmonyretreat.se\/test\/sv\/wp-json\/wp\/v2\/pages\/14800\/revisions"}],"predecessor-version":[{"id":15030,"href":"https:\/\/ayurharmonyretreat.se\/test\/sv\/wp-json\/wp\/v2\/pages\/14800\/revisions\/15030"}],"wp:attachment":[{"href":"https:\/\/ayurharmonyretreat.se\/test\/sv\/wp-json\/wp\/v2\/media?parent=14800"}],"curies":[{"name":"wp","href":"https:\/\/api.w.org\/{rel}","templated":true}]}}